 {"id":1849,"date":"2018-11-27T16:27:12","date_gmt":"2018-11-27T16:27:12","guid":{"rendered":"https:\/\/www.garciden.com\/empresa\/historia\/"},"modified":"2019-03-04T11:22:33","modified_gmt":"2019-03-04T10:22:33","slug":"history","status":"publish","type":"page","link":"https:\/\/garciden.com\/en\/company\/history\/","title":{"rendered":"History"},"content":{"rendered":"<div class=\"wpb-content-wrapper\"><p>[vc_row row_height_percent=&#8221;0&#8243; override_padding=&#8221;yes&#8221; h_padding=&#8221;2&#8243; top_padding=&#8221;0&#8243; bottom_padding=&#8221;2&#8243; overlay_alpha=&#8221;50&#8243; gutter_size=&#8221;3&#8243; column_width_percent=&#8221;100&#8243; shift_y=&#8221;0&#8243; z_index=&#8221;0&#8243;][vc_column column_width_percent=&#8221;100&#8243; overlay_alpha=&#8221;50&#8243; gutter_size=&#8221;2&#8243; medium_width=&#8221;0&#8243; mobile_width=&#8221;0&#8243; shift_x=&#8221;0&#8243; shift_y=&#8221;0&#8243; shift_y_down=&#8221;0&#8243; z_index=&#8221;0&#8243; width=&#8221;1\/1&#8243;][vc_column_text]Company with a family spirit and roots from Almer\u00eda. It began its career more than 18 years ago in Vera (Almer\u00eda).<br \/>\nGARCIDEN, like most companies that are led by true visionaries, arises thanks to the commitment and effort of Antonio Garc\u00eda (known as Antonio Dense) and his family whom, more than 20 years ago, was able to bet on innovation, evolving from its modest business centre in the lighthouse of Garrucha up to the modern facilities that today are its headquarters and that in their day marked a before and after in the area.<\/p>\n<p><span class=\"text-gris-claro-color\" style=\"font-weight: 600;\">The union of forces, knowledge and entrepreneurship of the Garc\u00eda family, led by the tandem formed by Antonio J. Garc\u00eda, current CEO of the company, together with \u00c1ngel Fern\u00e1ndez, the first and determining Director General, resulted in the creation of the current philosophy of the company, based on the values of work, commitment and quality.<\/span><\/p>\n<p>Since then, GARCIDEN has grown considerably and has established itself as a national and international benchmark in the sectors of wholesale fish and seafood; road haulage and distribution of goods.[\/vc_column_text][vc_column_text]<span class=\"color-rojo-negrita\" style=\"font-weight: 600;\">GALLERY<\/span>[\/vc_column_text][vc_gallery el_id=&#8221;gallery-210078&#8243; type=&#8221;justified&#8221; medias=&#8221;1159,1160,1161,1162,1155,1167,1168,1170&#8243; justify_row_height=&#8221;250&#8243; gutter_size=&#8221;1&#8243; single_overlay_opacity=&#8221;50&#8243; single_padding=&#8221;2&#8243;][\/vc_column][\/vc_row]<\/p>\n<\/div>","protected":false},"excerpt":{"rendered":"<p>[vc_row row_height_percent=&#8221;0&#8243; override_padding=&#8221;yes&#8221; h_padding=&#8221;2&#8243; top_padding=&#8221;0&#8243; bottom_padding=&#8221;2&#8243; overlay_alpha=&#8221;50&#8243; gutter_size=&#8221;3&#8243; column_width_percent=&#8221;100&#8243; shift_y=&#8221;0&#8243; z_index=&#8221;0&#8243;][vc_column column_width_percent=&#8221;100&#8243; overlay_alpha=&#8221;50&#8243; gutter_size=&#8221;2&#8243; medium_width=&#8221;0&#8243; mobile_width=&#8221;0&#8243; shift_x=&#8221;0&#8243; shift_y=&#8221;0&#8243; shift_y_down=&#8221;0&#8243; z_index=&#8221;0&#8243; [&hellip;]<\/p>\n","protected":false},"author":1,"featured_media":0,"parent":1837,"menu_order":0,"comment_status":"closed","ping_status":"closed","template":"","meta":{"footnotes":""},"class_list":["post-1849","page","type-page","status-publish","hentry"],"acf":[],"_links":{"self":[{"href":"https:\/\/garciden.com\/en\/wp-json\/wp\/v2\/pages\/1849"}],"collection":[{"href":"https:\/\/garciden.com\/en\/wp-json\/wp\/v2\/pages"}],"about":[{"href":"https:\/\/garciden.com\/en\/wp-json\/wp\/v2\/types\/page"}],"author":[{"embeddable":true,"href":"https:\/\/garciden.com\/en\/wp-json\/wp\/v2\/users\/1"}],"replies":[{"embeddable":true,"href":"https:\/\/garciden.com\/en\/wp-json\/wp\/v2\/comments?post=1849"}],"version-history":[{"count":0,"href":"https:\/\/garciden.com\/en\/wp-json\/wp\/v2\/pages\/1849\/revisions"}],"up":[{"embeddable":true,"href":"https:\/\/garciden.com\/en\/wp-json\/wp\/v2\/pages\/1837"}],"wp:attachment":[{"href":"https:\/\/garciden.com\/en\/wp-json\/wp\/v2\/media?parent=1849"}],"curies":[{"name":"wp","href":"https:\/\/api.w.org\/{rel}","templated":true}]}}