 {"id":1857,"date":"2018-11-28T07:11:20","date_gmt":"2018-11-28T07:11:20","guid":{"rendered":"https:\/\/www.garciden.com\/empresa\/organigrama\/"},"modified":"2024-12-12T23:51:11","modified_gmt":"2024-12-12T22:51:11","slug":"organization-chart","status":"publish","type":"page","link":"https:\/\/garciden.com\/en\/company\/organization-chart\/","title":{"rendered":"Organization chart"},"content":{"rendered":"<div class=\"wpb-content-wrapper\"><p>[vc_row row_height_percent=&#8221;0&#8243; override_padding=&#8221;yes&#8221; h_padding=&#8221;2&#8243; top_padding=&#8221;0&#8243; bottom_padding=&#8221;2&#8243; overlay_alpha=&#8221;50&#8243; gutter_size=&#8221;3&#8243; column_width_percent=&#8221;100&#8243; shift_y=&#8221;0&#8243; z_index=&#8221;0&#8243;][vc_column column_width_percent=&#8221;100&#8243; gutter_size=&#8221;2&#8243; overlay_alpha=&#8221;50&#8243; shift_x=&#8221;0&#8243; shift_y=&#8221;0&#8243; shift_y_down=&#8221;0&#8243; z_index=&#8221;0&#8243; medium_width=&#8221;0&#8243; mobile_width=&#8221;0&#8243; width=&#8221;1\/1&#8243;][vc_column_text uncode_shortcode_id=&#8221;163176&#8243;]<span class=\"text-gris-claro-color\" style=\"font-weight: 600;\">The professionalization of each of the areas of which the company is composed, represents the main value of it.<\/span><\/p>\n<p>The tandem formed by Antonio J. Garc\u00eda (CEO), \u00c1ngel Fern\u00e1ndez (former General Manager) and Melchor Soler (General Manager) represents the company&#8217;s general strategic direction, business generation and innovation that, together with a team of more than 500 professionals, make the business development possible, allowing GARCIDEN to reach a total turnover of more than 70 million euro in 2023.[\/vc_column_text][vc_single_image media=&#8221;9640&#8243; media_width_percent=&#8221;100&#8243; alignment=&#8221;center&#8221; uncode_shortcode_id=&#8221;204522&#8243;][\/vc_column][\/vc_row]<\/p>\n<\/div>","protected":false},"excerpt":{"rendered":"<p>[vc_row row_height_percent=&#8221;0&#8243; override_padding=&#8221;yes&#8221; h_padding=&#8221;2&#8243; top_padding=&#8221;0&#8243; bottom_padding=&#8221;2&#8243; overlay_alpha=&#8221;50&#8243; gutter_size=&#8221;3&#8243; column_width_percent=&#8221;100&#8243; shift_y=&#8221;0&#8243; z_index=&#8221;0&#8243;][vc_column column_width_percent=&#8221;100&#8243; gutter_size=&#8221;2&#8243; overlay_alpha=&#8221;50&#8243; shift_x=&#8221;0&#8243; shift_y=&#8221;0&#8243; shift_y_down=&#8221;0&#8243; z_index=&#8221;0&#8243; medium_width=&#8221;0&#8243; mobile_width=&#8221;0&#8243; [&hellip;]<\/p>\n","protected":false},"author":1,"featured_media":1329,"parent":1837,"menu_order":0,"comment_status":"closed","ping_status":"closed","template":"","meta":{"footnotes":""},"class_list":["post-1857","page","type-page","status-publish","has-post-thumbnail","hentry"],"acf":[],"_links":{"self":[{"href":"https:\/\/garciden.com\/en\/wp-json\/wp\/v2\/pages\/1857"}],"collection":[{"href":"https:\/\/garciden.com\/en\/wp-json\/wp\/v2\/pages"}],"about":[{"href":"https:\/\/garciden.com\/en\/wp-json\/wp\/v2\/types\/page"}],"author":[{"embeddable":true,"href":"https:\/\/garciden.com\/en\/wp-json\/wp\/v2\/users\/1"}],"replies":[{"embeddable":true,"href":"https:\/\/garciden.com\/en\/wp-json\/wp\/v2\/comments?post=1857"}],"version-history":[{"count":5,"href":"https:\/\/garciden.com\/en\/wp-json\/wp\/v2\/pages\/1857\/revisions"}],"predecessor-version":[{"id":9650,"href":"https:\/\/garciden.com\/en\/wp-json\/wp\/v2\/pages\/1857\/revisions\/9650"}],"up":[{"embeddable":true,"href":"https:\/\/garciden.com\/en\/wp-json\/wp\/v2\/pages\/1837"}],"wp:featuredmedia":[{"embeddable":true,"href":"https:\/\/garciden.com\/en\/wp-json\/wp\/v2\/media\/1329"}],"wp:attachment":[{"href":"https:\/\/garciden.com\/en\/wp-json\/wp\/v2\/media?parent=1857"}],"curies":[{"name":"wp","href":"https:\/\/api.w.org\/{rel}","templated":true}]}}