 {"id":1869,"date":"2018-12-07T07:43:38","date_gmt":"2018-12-07T07:43:38","guid":{"rendered":"https:\/\/www.garciden.com\/negocio\/mapa-fao\/"},"modified":"2018-12-07T07:43:38","modified_gmt":"2018-12-07T07:43:38","slug":"mapa-fao","status":"publish","type":"page","link":"https:\/\/garciden.com\/en\/business\/mapa-fao\/","title":{"rendered":"Mapa FAO"},"content":{"rendered":"<div class=\"wpb-content-wrapper\"><p>[vc_row row_height_percent=&#8221;0&#8243; override_padding=&#8221;yes&#8221; h_padding=&#8221;2&#8243; top_padding=&#8221;0&#8243; bottom_padding=&#8221;2&#8243; overlay_alpha=&#8221;50&#8243; gutter_size=&#8221;3&#8243; column_width_percent=&#8221;100&#8243; shift_y=&#8221;0&#8243; z_index=&#8221;0&#8243;][vc_column width=&#8221;1\/1&#8243;][vc_column_text]<span class=\"h6 color-cherry font-600\">El derecho a la pesca conlleva la obligaci\u00f3n de hacerlo de forma responsable.<\/span><\/p>\n<p><span class=\"text-gris-claro-color\" style=\"font-weight: 600;\">La pesca sostenible se centra en la preservaci\u00f3n de los diferentes ecosistemas y trata de minimizar el impacto de las capturas sobre el medio marino.<\/span><\/p>\n<p>Cada vez m\u00e1s este sector se conciencia de la necesidad de abandonar los m\u00e9todos de captura agresivos para dar paso a nuevas f\u00f3rmulas que nos permitan preservar las especies y su entorno a la vez que poder seguir disfrutando de estos manjares en nuestra gastronom\u00eda.<\/p>\n<p>En <span class=\"text-gris-claro-color\" style=\"font-weight: 600;\">GARCIDEN estamos comprometidos con el medio ambiente y es por ello que apostamos por m\u00e9todos de pesca respetuosos<\/span> tanto con las especies que comercializamos como con su h\u00e1bitat natural, condenando firmemente m\u00e9todos como el envenenamiento o los explosivos.<\/p>\n<p>Este compromiso no ser\u00eda posible sin la colaboraci\u00f3n de las cofrad\u00edas locales, profesionales del sector que cada d\u00eda salen a faenar con el amplio conocimiento que la experiencia de a\u00f1os de trabajo les confiere.[\/vc_column_text][\/vc_column][\/vc_row][vc_row row_height_percent=&#8221;0&#8243; override_padding=&#8221;yes&#8221; h_padding=&#8221;2&#8243; top_padding=&#8221;0&#8243; bottom_padding=&#8221;2&#8243; overlay_alpha=&#8221;50&#8243; gutter_size=&#8221;2&#8243; column_width_percent=&#8221;100&#8243; shift_y=&#8221;0&#8243; z_index=&#8221;0&#8243;][vc_column width=&#8221;1\/1&#8243;][vc_single_image media=&#8221;535&#8243; media_width_percent=&#8221;100&#8243;][\/vc_column][\/vc_row][vc_row row_height_percent=&#8221;0&#8243; override_padding=&#8221;yes&#8221; h_padding=&#8221;2&#8243; top_padding=&#8221;0&#8243; bottom_padding=&#8221;2&#8243; overlay_alpha=&#8221;50&#8243; gutter_size=&#8221;2&#8243; column_width_percent=&#8221;100&#8243; shift_y=&#8221;0&#8243; z_index=&#8221;0&#8243;][vc_column width=&#8221;1\/3&#8243;][vc_column_text el_class=&#8221;listado-mapa-internacional&#8221;]ZONAS FAO<\/p>\n<ul>\n<li><span class=\"numero\">27.<\/span> Atl\u00e1ntico Noroeste.<\/li>\n<li><span class=\"numero\">18.<\/span> Mar \u00c1rtico.<\/li>\n<li><span class=\"numero\">51.<\/span> Oc\u00e9ano \u00cdndico Occidental.<\/li>\n<li><span class=\"numero\">57.<\/span> Oc\u00e9ano \u00cdndico Oriental.<\/li>\n<li><span class=\"numero\">61.<\/span> Pac\u00edfico Noroeste.<\/li>\n<li><span class=\"numero\">67.<\/span> Pac\u00edfico Noroeste.<\/li>\n<li><span class=\"numero\">21.<\/span> Atl\u00e1ntico Noroeste.<\/li>\n<\/ul>\n<p>[\/vc_column_text][\/vc_column][vc_column width=&#8221;1\/3&#8243;][vc_column_text el_class=&#8221;listado-mapa-internacional&#8221;]ZONAS FAO<\/p>\n<ul>\n<li><span class=\"numero\">71.<\/span> Pac\u00edfico Centro-Oeste.<\/li>\n<li><span class=\"numero\">77.<\/span> Pac\u00edfico Centro-Este.<\/li>\n<li><span class=\"numero\">31.<\/span> Atl\u00e1ntico Centro-Oeste.<\/li>\n<li><span class=\"numero\">34.<\/span> Atl\u00e1ntico Centro-Este.<\/li>\n<li><span class=\"numero\">37.<\/span> Mar Mediterr\u00e1neo.<\/li>\n<li><span class=\"numero\">37.<\/span> Mar Negro.<\/li>\n<li><span class=\"numero\">58.<\/span> Oc\u00e9ano \u00cdndico Ant\u00e1rtico.<\/li>\n<\/ul>\n<p>[\/vc_column_text][\/vc_column][vc_column width=&#8221;1\/3&#8243;][vc_column_text el_class=&#8221;listado-mapa-internacional&#8221;]ZONAS FAO<\/p>\n<ul>\n<li><span class=\"numero\">81.<\/span> Pac\u00edfico Suroeste.<\/li>\n<li><span class=\"numero\">87.<\/span> Pac\u00edfico Sureste.<\/li>\n<li><span class=\"numero\">41.<\/span> Atl\u00e1ntico Suroeste.<\/li>\n<li><span class=\"numero\">47.<\/span> Atl\u00e1ntico Sureste.<\/li>\n<li><span class=\"numero\">88.<\/span> Pac\u00edfico Ant\u00e1rtico.<\/li>\n<li><span class=\"numero\">48.<\/span> Atl\u00e1ntico Ant\u00e1rtico.<\/li>\n<li><span class=\"numero\">58.<\/span> Oc\u00e9ano \u00cdndico Ant\u00e1rtico.<\/li>\n<\/ul>\n<p>[\/vc_column_text][\/vc_column][\/vc_row][vc_row][vc_column width=&#8221;2\/3&#8243;][vc_column_text]<span class=\"h6 color-cherry font-600\">El mar, nuestro futuro.<\/span><\/p>\n<p>El mar es uno de los recursos naturales m\u00e1s importantes que tenemos y es gracias a \u00e9l que nos abastecemos de una gran variedad de especies que conforman nuestra ampl\u00eda gastronom\u00eda. La privilegiada ubicaci\u00f3n en la que nos encontramos nos proporciona un entorno ideal para el saludable consumo de pescado y marisco, gozando nuestras costas de un rico y conservado ecosistema con abundante vida en sus profundidades.<\/p>\n<p><span class=\"text-gris-claro-color\" style=\"font-weight: 600;\">Para GARCIDEN, el respeto por el medio ambiente, y por tanto por nuestros mares, es una prioridad<\/span>. Por ello nos esforzamos para que el impacto que generamos sobre ellos sea inapreciable. Con este objetivo, el equipo de profesionales de GARCIDEN, se asegura de escoger productos que procedan de m\u00e9todos de pesca artesanales y fomenten la sostenibilidad de las especies capturadas, su progresiva regeneraci\u00f3n y la preservaci\u00f3n de su h\u00e1bitat natural.<\/p>\n<p><span class=\"text-gris-claro-color\" style=\"font-weight: 600;\">Esa pol\u00edtica de pesca sostenible es un compromiso que adquirimos con el medio ambiente al mismo tiempo con nuestros clientes, ya que nos aseguramos de ofrecer un producto de calidad y frescura que cumple con los m\u00e1s exigentes est\u00e1ndares de calidad.<\/span><\/p>\n<p>Trabajamos con entusiasmo para poder ofrecer los mejores productos de nuestras costas, seleccionando diariamente las mejores piezas, desde las m\u00e1s tradicionales hasta las m\u00e1s selectas, manteniendo siempre las premisas de m\u00e1xima calidad y frescura. Tambi\u00e9n escogemos cuidadosamente los mejores productos que nos brindan otras zonas del mundo y las traemos para enriquecer nuestra oferta y poder adaptarnos a todas las necesidades que puedan surgirle a nuestros clientes.[\/vc_column_text][\/vc_column][vc_column width=&#8221;1\/3&#8243;][vc_single_image media=&#8221;1127&#8243; media_width_percent=&#8221;100&#8243;][vc_single_image media=&#8221;1130&#8243; media_width_percent=&#8221;100&#8243;][\/vc_column][\/vc_row]<\/p>\n<\/div>","protected":false},"excerpt":{"rendered":"<p>[vc_row row_height_percent=&#8221;0&#8243; override_padding=&#8221;yes&#8221; h_padding=&#8221;2&#8243; top_padding=&#8221;0&#8243; bottom_padding=&#8221;2&#8243; overlay_alpha=&#8221;50&#8243; gutter_size=&#8221;3&#8243; column_width_percent=&#8221;100&#8243; shift_y=&#8221;0&#8243; z_index=&#8221;0&#8243;][vc_column width=&#8221;1\/1&#8243;][vc_column_text]El derecho a la pesca conlleva la obligaci\u00f3n de [&hellip;]<\/p>\n","protected":false},"author":1,"featured_media":0,"parent":1865,"menu_order":0,"comment_status":"closed","ping_status":"closed","template":"","meta":{"footnotes":""},"class_list":["post-1869","page","type-page","status-publish","hentry"],"acf":[],"_links":{"self":[{"href":"https:\/\/garciden.com\/en\/wp-json\/wp\/v2\/pages\/1869"}],"collection":[{"href":"https:\/\/garciden.com\/en\/wp-json\/wp\/v2\/pages"}],"about":[{"href":"https:\/\/garciden.com\/en\/wp-json\/wp\/v2\/types\/page"}],"author":[{"embeddable":true,"href":"https:\/\/garciden.com\/en\/wp-json\/wp\/v2\/users\/1"}],"replies":[{"embeddable":true,"href":"https:\/\/garciden.com\/en\/wp-json\/wp\/v2\/comments?post=1869"}],"version-history":[{"count":0,"href":"https:\/\/garciden.com\/en\/wp-json\/wp\/v2\/pages\/1869\/revisions"}],"up":[{"embeddable":true,"href":"https:\/\/garciden.com\/en\/wp-json\/wp\/v2\/pages\/1865"}],"wp:attachment":[{"href":"https:\/\/garciden.com\/en\/wp-json\/wp\/v2\/media?parent=1869"}],"curies":[{"name":"wp","href":"https:\/\/api.w.org\/{rel}","templated":true}]}}