 {"id":2312,"date":"2019-03-11T17:34:29","date_gmt":"2019-03-11T16:34:29","guid":{"rendered":"https:\/\/www.garciden.com\/?page_id=2312"},"modified":"2025-03-18T10:15:08","modified_gmt":"2025-03-18T09:15:08","slug":"social-rsc","status":"publish","type":"page","link":"https:\/\/garciden.com\/it\/compromiso\/social-rsc\/","title":{"rendered":"Sociale (RSC)"},"content":{"rendered":"<div class=\"wpb-content-wrapper\"><p>[vc_row row_height_percent=&#8221;0&#8243; override_padding=&#8221;yes&#8221; h_padding=&#8221;2&#8243; top_padding=&#8221;2&#8243; bottom_padding=&#8221;0&#8243; overlay_alpha=&#8221;50&#8243; gutter_size=&#8221;3&#8243; column_width_percent=&#8221;100&#8243; shift_y=&#8221;0&#8243; z_index=&#8221;0&#8243; css=&#8221;.vc_custom_1654170881981{margin-bottom: 18px !important;}&#8221;][vc_column column_width_percent=&#8221;100&#8243; gutter_size=&#8221;3&#8243; overlay_alpha=&#8221;0&#8243; shift_x=&#8221;0&#8243; shift_y=&#8221;0&#8243; shift_y_down=&#8221;0&#8243; z_index=&#8221;0&#8243; medium_width=&#8221;0&#8243; mobile_width=&#8221;0&#8243; width=&#8221;1\/1&#8243;][vc_custom_heading heading_semantic=&#8221;p&#8221; text_size=&#8221;&#8221; uncode_shortcode_id=&#8221;950958&#8243;]<span class=\"h6 color-cherry font-600\">AMBIENTALE<\/span>[\/vc_custom_heading][\/vc_column][\/vc_row][vc_row row_height_percent=&#8221;0&#8243; override_padding=&#8221;yes&#8221; h_padding=&#8221;2&#8243; top_padding=&#8221;0&#8243; bottom_padding=&#8221;0&#8243; overlay_alpha=&#8221;50&#8243; gutter_size=&#8221;3&#8243; column_width_percent=&#8221;100&#8243; shift_y=&#8221;0&#8243; z_index=&#8221;0&#8243;][vc_column width=&#8221;1\/4&#8243;][vc_single_image media=&#8221;6608&#8243; media_width_percent=&#8221;100&#8243;][vc_single_image media=&#8221;6611&#8243; media_width_percent=&#8221;100&#8243;][vc_single_image media=&#8221;6614&#8243; media_width_percent=&#8221;100&#8243;][\/vc_column][vc_column width=&#8221;3\/4&#8243;][vc_column_text uncode_shortcode_id=&#8221;192799&#8243;]In Garciden non possiamo immaginare un futuro che non sia sostenibile. Questo impegno deve essere trasversale, coprendo il maggior numero possibile di obiettivi che possiamo considerare in ultima analisi come legati al miglioramento dei nostri ambienti e degli spazi naturali. Poich\u00e9 il <span class=\"text-gris-claro-color\" style=\"font-weight: 600;\">futuro delle nostre aziende dipende direttamente dall&#8217;uso responsabile delle risorse naturali<\/span>, ribadiamo il nostro impegno ambientale sviluppando diverse iniziative.<\/p>\n<p><span class=\"color-cherry font-600\">PROGRAMMI E INIZIATIVE<\/span><\/p>\n<ul class=\"lista-social\">\n<li><strong>Riciclaggio di tutti i rifiut<\/strong>i: carta, plastica, pneumatici, batterie, oli, scarti di pesce e viscere, tra gli altri, generati dalle nostre attivit\u00e0.<\/li>\n<li><strong>Investimenti continui nell&#8217;integrazione di tecnologie pi\u00f9 pulite<\/strong>. La flotta GARCIDEN ha un&#8217;et\u00e0 media inferiore ai 3 anni e l&#8217;80% dei nostri rimorchi \u00e8 dotato di pannelli solari che aumentano la durata delle batterie, riducono le emissioni di CO2 e diminuiscono il consumo di carburante.<\/li>\n<li><strong>Installazione di un impianto solare fotovoltaico per l\u2019autoconsumo<\/strong>. Ha una potenza di 210 kwp e una superficie di 1.600 m2. Attualmente, l&#8217;energia solare rappresenta circa il 16% del consumo totale del magazzino centrale di Vera, Almer\u00eda. Con questa iniziativa, GARCIDEN smette di emettere nell&#8217;atmosfera 105 tonnellate di CO2 all&#8217;anno (equivalenti a 9.738 alberi piantati * dati forniti da ENDESA).<\/li>\n<li><strong>Ottenimento della certificazione ISO 14001:2015<\/strong>. Il Sistema di Gestione Ambientale \u00e8 stato verificato da Bureau Veritas Certification e ritenuto conforme alla norma. Il Sistema di Gestione si applica ai servizi di trasporto e distribuzione di merci su strada, nonch\u00e9 alla selezione, lavorazione e commercializzazione di pesce e frutti di mare freschi e congelati.<\/li>\n<\/ul>\n<p>[\/vc_column_text][\/vc_column][\/vc_row][vc_row row_height_percent=&#8221;0&#8243; override_padding=&#8221;yes&#8221; h_padding=&#8221;2&#8243; top_padding=&#8221;2&#8243; bottom_padding=&#8221;0&#8243; overlay_alpha=&#8221;50&#8243; gutter_size=&#8221;3&#8243; column_width_percent=&#8221;100&#8243; shift_y=&#8221;0&#8243; z_index=&#8221;0&#8243; css=&#8221;.vc_custom_1654170917502{margin-bottom: 18px !important;}&#8221;][vc_column width=&#8221;1\/1&#8243;][vc_custom_heading heading_semantic=&#8221;p&#8221; text_size=&#8221;&#8221; uncode_shortcode_id=&#8221;948760&#8243;]<span class=\"h6 color-cherry font-600\">SOCIALE<\/span>[\/vc_custom_heading][\/vc_column][\/vc_row][vc_row row_height_percent=&#8221;0&#8243; override_padding=&#8221;yes&#8221; h_padding=&#8221;2&#8243; top_padding=&#8221;0&#8243; bottom_padding=&#8221;0&#8243; overlay_alpha=&#8221;50&#8243; gutter_size=&#8221;3&#8243; column_width_percent=&#8221;100&#8243; shift_y=&#8221;0&#8243; z_index=&#8221;0&#8243;][vc_column width=&#8221;1\/4&#8243;][vc_single_image media=&#8221;10685&#8243; media_width_percent=&#8221;100&#8243; uncode_shortcode_id=&#8221;294065&#8243;][vc_single_image media=&#8221;5172&#8243; media_width_percent=&#8221;100&#8243; media_link=&#8221;url:https%3A%2F%2Fwww.asprodalba.org%2F|target:_blank&#8221;][vc_single_image media=&#8221;5169&#8243; media_width_percent=&#8221;100&#8243; media_link=&#8221;url:https%3A%2F%2Fwww.avoi.es%2F|target:_blank&#8221;][vc_single_image media=&#8221;5160&#8243; media_width_percent=&#8221;100&#8243; media_link=&#8221;url:https%3A%2F%2Fwww.unicef.es%2F|target:_blank&#8221;][\/vc_column][vc_column width=&#8221;3\/4&#8243;][vc_column_text uncode_shortcode_id=&#8221;784500&#8243;]Il nostro principale impegno sociale \u00e8 <span class=\"text-gris-claro-color\" style=\"font-weight: 600;\">quello di promuovere la consapevolezza ambientale e incoraggiare la collaborazione con associazioni che aiutano in questi compiti<\/span>. Il nostro ruolo nelle collaborazioni si concentra principalmente sulla fornitura di tutti quei mezzi che sono nelle nostre mani per garantire che i loro obiettivi siano soddisfatti.<\/p>\n<p><span class=\"color-cherry font-600\">PROGRAMMI E INIZIATIVE<\/span><\/p>\n<ul class=\"lista-social\">\n<li><strong>Sponsorizzazione del Club Ciclistico GARCIDEN<\/strong>, con oltre 50 ciclisti federati.<\/li>\n<li>Collaboriamo<strong> attivamente con <a href=\"http:\/\/www.avoi.es\/\" target=\"_blank\" rel=\"noopener\">l&#8217;AVOI<\/a>, l&#8217;Associazione Volontari di Oncologia Pediatrica<\/strong>, con iniziative quali: donazioni di pesce per il loro stand alla Fiera di Malaga e altri eventi, e raccolta di tappi di bottiglia presso le nostre strutture di Vera, Mercam\u00e1laga, Mercagranada, Eurolonja e presso le pescherie di Moj\u00e1car e Antas, tra le altre.<\/li>\n<li><strong>Promuoviamo l&#8217;uguaglianza nel mondo del motociclismo<\/strong> sponsorizzando la giovane pilota nata ad Almer\u00eda M\u00f3nica S\u00e1nchez.<br \/>\nCollaborazione in vari eventi sportivi e culturali locali.<\/li>\n<li><strong>Collaboriamo attivamente con il centro occupazionale ASPRODALBA<\/strong> (associazione per la promozione delle persone con disabilit\u00e0 intellettiva nella zona del Levante di Almer\u00eda) e con JERA AVANZA attraverso l&#8217;acquisto di materiali DPI.<br \/>\n<strong>PMI amica dell&#8217;UNICEF<\/strong>: Riconosciamo che la qualit\u00e0 della vita dei bambini \u00e8 essenziale per garantire il futuro sviluppo sociale. Per questo motivo aderiamo a questa iniziativa con l&#8217;obiettivo di garantire istruzione e servizi di base alle persone pi\u00f9 vulnerabili in Africa.<\/li>\n<li><strong>Silver Sponsor<\/strong> dell&#8217;Alliance for Childhood Vaccination, un&#8217;iniziativa promossa dalla Fondazione &#8220;la Caixa&#8221; insieme a Gavi, alla Vaccine Alliance e alla Fondazione Gates, in collaborazione con ISGlobal, per combattere la mortalit\u00e0 infantile nei Paesi pi\u00f9 vulnerabili.<\/li>\n<\/ul>\n<p>[\/vc_column_text][\/vc_column][\/vc_row]<\/p>\n<\/div>","protected":false},"excerpt":{"rendered":"<p>[vc_row row_height_percent=&#8221;0&#8243; override_padding=&#8221;yes&#8221; h_padding=&#8221;2&#8243; top_padding=&#8221;2&#8243; bottom_padding=&#8221;0&#8243; overlay_alpha=&#8221;50&#8243; gutter_size=&#8221;3&#8243; column_width_percent=&#8221;100&#8243; shift_y=&#8221;0&#8243; z_index=&#8221;0&#8243; css=&#8221;.vc_custom_1654170881981{margin-bottom: 18px !important;}&#8221;][vc_column column_width_percent=&#8221;100&#8243; gutter_size=&#8221;3&#8243; overlay_alpha=&#8221;0&#8243; shift_x=&#8221;0&#8243; shift_y=&#8221;0&#8243; shift_y_down=&#8221;0&#8243; [&hellip;]<\/p>\n","protected":false},"author":1,"featured_media":1268,"parent":2308,"menu_order":0,"comment_status":"closed","ping_status":"closed","template":"","meta":{"footnotes":""},"class_list":["post-2312","page","type-page","status-publish","has-post-thumbnail","hentry"],"acf":[],"_links":{"self":[{"href":"https:\/\/garciden.com\/it\/wp-json\/wp\/v2\/pages\/2312"}],"collection":[{"href":"https:\/\/garciden.com\/it\/wp-json\/wp\/v2\/pages"}],"about":[{"href":"https:\/\/garciden.com\/it\/wp-json\/wp\/v2\/types\/page"}],"author":[{"embeddable":true,"href":"https:\/\/garciden.com\/it\/wp-json\/wp\/v2\/users\/1"}],"replies":[{"embeddable":true,"href":"https:\/\/garciden.com\/it\/wp-json\/wp\/v2\/comments?post=2312"}],"version-history":[{"count":4,"href":"https:\/\/garciden.com\/it\/wp-json\/wp\/v2\/pages\/2312\/revisions"}],"predecessor-version":[{"id":10695,"href":"https:\/\/garciden.com\/it\/wp-json\/wp\/v2\/pages\/2312\/revisions\/10695"}],"up":[{"embeddable":true,"href":"https:\/\/garciden.com\/it\/wp-json\/wp\/v2\/pages\/2308"}],"wp:featuredmedia":[{"embeddable":true,"href":"https:\/\/garciden.com\/it\/wp-json\/wp\/v2\/media\/1268"}],"wp:attachment":[{"href":"https:\/\/garciden.com\/it\/wp-json\/wp\/v2\/media?parent=2312"}],"curies":[{"name":"wp","href":"https:\/\/api.w.org\/{rel}","templated":true}]}}