 {"id":2318,"date":"2019-03-11T17:37:45","date_gmt":"2019-03-11T16:37:45","guid":{"rendered":"https:\/\/www.garciden.com\/?page_id=2318"},"modified":"2024-12-12T23:50:59","modified_gmt":"2024-12-12T22:50:59","slug":"organigrama","status":"publish","type":"page","link":"https:\/\/garciden.com\/it\/impresa\/organigrama\/","title":{"rendered":"Organigramma"},"content":{"rendered":"<div class=\"wpb-content-wrapper\"><p>[vc_row row_height_percent=&#8221;0&#8243; override_padding=&#8221;yes&#8221; h_padding=&#8221;2&#8243; top_padding=&#8221;0&#8243; bottom_padding=&#8221;2&#8243; overlay_alpha=&#8221;50&#8243; gutter_size=&#8221;3&#8243; column_width_percent=&#8221;100&#8243; shift_y=&#8221;0&#8243; z_index=&#8221;0&#8243;][vc_column column_width_percent=&#8221;100&#8243; gutter_size=&#8221;2&#8243; overlay_alpha=&#8221;50&#8243; shift_x=&#8221;0&#8243; shift_y=&#8221;0&#8243; shift_y_down=&#8221;0&#8243; z_index=&#8221;0&#8243; medium_width=&#8221;0&#8243; mobile_width=&#8221;0&#8243; width=&#8221;1\/1&#8243;][vc_column_text uncode_shortcode_id=&#8221;171707&#8243;]<span class=\"text-gris-claro-color\" style=\"font-weight: 600;\">La professionalizzazione di ciascuna delle aree delle le quali l&#8217;azienda \u00e8 composta, rappresenta il valore principale di essa.<\/span><\/p>\n<p>Il tandem formato da Antonio J. Garc\u00eda (CEO), \u00c1ngel Fern\u00e1ndez (ex direttore generale) e Melchor Soler (direttore generale) rappresentano la direzione strategica generale dell&#8217;azienda, la generazione di business e l&#8217;innovazione che, insieme al team di oltre 500 professionisti fanno in modo che lo sviluppo del commercio possa essere realizzato in modo soddisfacente e in evoluzione anno dopo anno, raggiungendo un fatturato complessivo di oltre 70 milioni in 2023.[\/vc_column_text][vc_single_image media=&#8221;9645&#8243; media_width_percent=&#8221;100&#8243; alignment=&#8221;center&#8221; uncode_shortcode_id=&#8221;357871&#8243;][\/vc_column][\/vc_row]<\/p>\n<\/div>","protected":false},"excerpt":{"rendered":"<p>[vc_row row_height_percent=&#8221;0&#8243; override_padding=&#8221;yes&#8221; h_padding=&#8221;2&#8243; top_padding=&#8221;0&#8243; bottom_padding=&#8221;2&#8243; overlay_alpha=&#8221;50&#8243; gutter_size=&#8221;3&#8243; column_width_percent=&#8221;100&#8243; shift_y=&#8221;0&#8243; z_index=&#8221;0&#8243;][vc_column column_width_percent=&#8221;100&#8243; gutter_size=&#8221;2&#8243; overlay_alpha=&#8221;50&#8243; shift_x=&#8221;0&#8243; shift_y=&#8221;0&#8243; shift_y_down=&#8221;0&#8243; z_index=&#8221;0&#8243; medium_width=&#8221;0&#8243; mobile_width=&#8221;0&#8243; [&hellip;]<\/p>\n","protected":false},"author":1,"featured_media":1329,"parent":2314,"menu_order":0,"comment_status":"closed","ping_status":"closed","template":"","meta":{"footnotes":""},"class_list":["post-2318","page","type-page","status-publish","has-post-thumbnail","hentry"],"acf":[],"_links":{"self":[{"href":"https:\/\/garciden.com\/it\/wp-json\/wp\/v2\/pages\/2318"}],"collection":[{"href":"https:\/\/garciden.com\/it\/wp-json\/wp\/v2\/pages"}],"about":[{"href":"https:\/\/garciden.com\/it\/wp-json\/wp\/v2\/types\/page"}],"author":[{"embeddable":true,"href":"https:\/\/garciden.com\/it\/wp-json\/wp\/v2\/users\/1"}],"replies":[{"embeddable":true,"href":"https:\/\/garciden.com\/it\/wp-json\/wp\/v2\/comments?post=2318"}],"version-history":[{"count":5,"href":"https:\/\/garciden.com\/it\/wp-json\/wp\/v2\/pages\/2318\/revisions"}],"predecessor-version":[{"id":9649,"href":"https:\/\/garciden.com\/it\/wp-json\/wp\/v2\/pages\/2318\/revisions\/9649"}],"up":[{"embeddable":true,"href":"https:\/\/garciden.com\/it\/wp-json\/wp\/v2\/pages\/2314"}],"wp:featuredmedia":[{"embeddable":true,"href":"https:\/\/garciden.com\/it\/wp-json\/wp\/v2\/media\/1329"}],"wp:attachment":[{"href":"https:\/\/garciden.com\/it\/wp-json\/wp\/v2\/media?parent=2318"}],"curies":[{"name":"wp","href":"https:\/\/api.w.org\/{rel}","templated":true}]}}