 {"id":2319,"date":"2019-03-11T17:37:37","date_gmt":"2019-03-11T16:37:37","guid":{"rendered":"https:\/\/www.garciden.com\/?page_id=2319"},"modified":"2023-06-06T15:23:22","modified_gmt":"2023-06-06T14:23:22","slug":"chi-siamo","status":"publish","type":"page","link":"https:\/\/garciden.com\/it\/impresa\/chi-siamo\/","title":{"rendered":"Chi siamo"},"content":{"rendered":"<div class=\"wpb-content-wrapper\"><p>[vc_row row_height_percent=&#8221;0&#8243; override_padding=&#8221;yes&#8221; h_padding=&#8221;2&#8243; top_padding=&#8221;0&#8243; bottom_padding=&#8221;0&#8243; overlay_alpha=&#8221;50&#8243; gutter_size=&#8221;3&#8243; column_width_percent=&#8221;100&#8243; shift_y=&#8221;0&#8243; z_index=&#8221;0&#8243;][vc_column column_width_percent=&#8221;100&#8243; gutter_size=&#8221;2&#8243; overlay_alpha=&#8221;50&#8243; shift_x=&#8221;0&#8243; shift_y=&#8221;0&#8243; shift_y_down=&#8221;0&#8243; z_index=&#8221;0&#8243; medium_width=&#8221;0&#8243; mobile_width=&#8221;0&#8243; width=&#8221;1\/1&#8243;]\n\t\t\t<!-- START nosotros it REVOLUTION SLIDER 6.7.18 --><p class=\"rs-p-wp-fix\"><\/p>\n\t\t\t<rs-module-wrap id=\"rev_slider_9_1_wrapper\" data-source=\"gallery\" style=\"visibility:hidden;background:transparent;padding:0;margin:0px auto;margin-top:0;margin-bottom:0;\">\n\t\t\t\t<rs-module id=\"rev_slider_9_1\" style=\"\" data-version=\"6.7.18\">\n\t\t\t\t\t<rs-slides style=\"overflow: hidden; position: absolute;\">\n\t\t\t\t\t\t<rs-slide style=\"position: absolute;\" data-key=\"rs-24\" data-title=\"Precedente\" data-thumb=\"\/\/www.garciden.com\/wp-content\/uploads\/2018\/11\/fondo-slider-nosotros.jpg\" data-anim=\"adpr:false;\">\n\t\t\t\t\t\t\t<img decoding=\"async\" src=\"\/\/garciden.com\/wp-content\/plugins\/revslider\/sr6\/assets\/assets\/dummy.png\" alt=\"\" title=\"Chi siamo\" class=\"rev-slidebg tp-rs-img rs-lazyload\" data-lazyload=\"\/\/www.garciden.com\/wp-content\/uploads\/2018\/11\/fondo-slider-nosotros.jpg\" data-no-retina>\n<!--\n\t\t\t\t\t\t\t--><rs-layer\n\t\t\t\t\t\t\t\tid=\"slider-9-slide-24-layer-1\" \n\t\t\t\t\t\t\t\tdata-type=\"text\"\n\t\t\t\t\t\t\t\tdata-rsp_ch=\"on\"\n\t\t\t\t\t\t\t\tdata-xy=\"x:c;y:m;\"\n\t\t\t\t\t\t\t\tdata-text=\"w:normal;s:26;l:40;a:inherit;\"\n\t\t\t\t\t\t\t\tdata-dim=\"w:591px,591px,591px,90%;\"\n\t\t\t\t\t\t\t\tdata-frame_0=\"tp:600;\"\n\t\t\t\t\t\t\t\tdata-frame_1=\"tp:600;st:0;\"\n\t\t\t\t\t\t\t\tdata-frame_999=\"o:0;tp:600;st:w;sR:8700;\"\n\t\t\t\t\t\t\t\tstyle=\"z-index:5;font-family:'Oswald';\"\n\t\t\t\t\t\t\t>\u201cSelezioniamo il miglior pescato giornalmente nelle aste, mettendo tutto il nostro impegno non solo nella scelta dei pezzi migliori, ma di un prodotto che \u00e9 stato catturato utilizzando solo metodi che rispettano l\u2019ambiente\u201d\nAntonio J. Garc\u00eda (CEO) \n\t\t\t\t\t\t\t<\/rs-layer><!--\n-->\t\t\t\t\t<\/rs-slide>\n\t\t\t\t\t\t<rs-slide style=\"position: absolute;\" data-key=\"rs-25\" data-title=\"Seguente\" data-thumb=\"\/\/www.garciden.com\/wp-content\/uploads\/2018\/11\/fondo-slider-nosotros.jpg\" data-anim=\"adpr:false;\">\n\t\t\t\t\t\t\t<img decoding=\"async\" src=\"\/\/garciden.com\/wp-content\/plugins\/revslider\/sr6\/assets\/assets\/dummy.png\" alt=\"\" title=\"Chi siamo\" class=\"rev-slidebg tp-rs-img rs-lazyload\" data-lazyload=\"\/\/www.garciden.com\/wp-content\/uploads\/2018\/11\/fondo-slider-nosotros.jpg\" data-no-retina>\n<!--\n\t\t\t\t\t\t\t--><rs-layer\n\t\t\t\t\t\t\t\tid=\"slider-9-slide-25-layer-1\" \n\t\t\t\t\t\t\t\tdata-type=\"text\"\n\t\t\t\t\t\t\t\tdata-rsp_ch=\"on\"\n\t\t\t\t\t\t\t\tdata-xy=\"x:c;y:m;\"\n\t\t\t\t\t\t\t\tdata-text=\"w:normal;s:26;l:40;a:inherit;\"\n\t\t\t\t\t\t\t\tdata-dim=\"w:591px,591px,591px,90%;\"\n\t\t\t\t\t\t\t\tdata-frame_0=\"tp:600;\"\n\t\t\t\t\t\t\t\tdata-frame_1=\"tp:600;st:0;\"\n\t\t\t\t\t\t\t\tdata-frame_999=\"o:0;tp:600;st:w;sR:8700;\"\n\t\t\t\t\t\t\t\tstyle=\"z-index:5;font-family:'Oswald';\"\n\t\t\t\t\t\t\t>\u201cControllo di temperatura In tempo reale, consegna garantita, monitoraggio 24 ore su 24, sono alcuni degli attributi che ci contraddistinguono\u201d<br\/>\nAntonio J. Garc\u00eda (CEO) \n\t\t\t\t\t\t\t<\/rs-layer><!--\n-->\t\t\t\t\t<\/rs-slide>\n\t\t\t\t\t<\/rs-slides>\n\t\t\t\t<\/rs-module>\n\t\t\t\t<script>\n\t\t\t\t\tsetREVStartSize({c: 'rev_slider_9_1',rl:[1240,1024,778,480],el:[],gw:[1240,1024,778,480],gh:[257,257,460,420],type:'standard',justify:'',layout:'fullwidth',mh:\"0\"});if (window.RS_MODULES!==undefined && window.RS_MODULES.modules!==undefined && window.RS_MODULES.modules[\"revslider91\"]!==undefined) {window.RS_MODULES.modules[\"revslider91\"].once = false;window.revapi9 = undefined;if (window.RS_MODULES.checkMinimal!==undefined) window.RS_MODULES.checkMinimal()}\n\t\t\t\t<\/script>\n\t\t\t<\/rs-module-wrap>\n\t\t\t<!-- END REVOLUTION SLIDER -->\n[vc_column_text]<span class=\"text-gris-claro-color\" style=\"font-weight: 600\">GARCIDEN \u00e8 una compagnia spagnola con pi\u00f9 di 18 anni di esperienza nel settore<\/span>. si compone di diverse entit\u00e0 commerciali che si riuniscono sotto un unico marchio.<\/p>\n<p>Il marchio GARCIDEN diversifica rispettivamente la sua presenza commerciale nel <span class=\"text-gris-claro-color\" style=\"font-weight: 600\">settore alimentare e logistico<\/span>. Il marchi <span class=\"text-gris-claro-color\" style=\"font-weight: 600\"><a href=\"https:\/\/www.garciden.com\/negocio\/venta-pescado\/\">AD Pescado y Marisco<\/a><\/span> \u00e8 quello utilizzato per la vendita di pesce e crostacei e <span class=\"text-gris-claro-color\" style=\"font-weight: 600\"><a href=\"https:\/\/www.garciden.com\/negocio\/transporte\/\">ADLOGISTICS<\/a><\/span> per i servizi di trasporto e distribuzione delle merci su strada a livello europeo.[\/vc_column_text][\/vc_column][\/vc_row][vc_row row_height_percent=&#8221;0&#8243; override_padding=&#8221;yes&#8221; h_padding=&#8221;2&#8243; top_padding=&#8221;0&#8243; bottom_padding=&#8221;2&#8243; overlay_alpha=&#8221;50&#8243; gutter_size=&#8221;3&#8243; column_width_percent=&#8221;100&#8243; shift_y=&#8221;0&#8243; z_index=&#8221;0&#8243;][vc_column width=&#8221;1\/1&#8243;][vc_column_text uncode_shortcode_id=&#8221;800703&#8243;]La qualit\u00e0 del prodotto, l&#8217;accuratezza del servizio, cos\u00ec come la responsabilit\u00e0 sociale e l&#8217;ambiente, sono i pilastri principali su cui si fonda l&#8217;azienda. Grazie al coinvolgimento e all&#8217;impegno di oltre <span class=\"text-gris-claro-color\" style=\"font-weight: 600\"><a href=\"https:\/\/www.garciden.com\/empresa\/equipo\/\">500 professionist<\/a><\/span>, GARCIDEN \u00e8 un attore principale dei mercati nazionali ed internazionali in cui operiamo.[\/vc_column_text][\/vc_column][\/vc_row][vc_row row_height_percent=&#8221;0&#8243; overlay_alpha=&#8221;50&#8243; gutter_size=&#8221;3&#8243; column_width_percent=&#8221;100&#8243; shift_y=&#8221;0&#8243; z_index=&#8221;0&#8243; el_class=&#8221;columnas-nosotros&#8221;][vc_column column_width_percent=&#8221;100&#8243; gutter_size=&#8221;0&#8243; overlay_alpha=&#8221;50&#8243; shift_x=&#8221;0&#8243; shift_y=&#8221;0&#8243; shift_y_down=&#8221;0&#8243; z_index=&#8221;0&#8243; medium_width=&#8221;0&#8243; mobile_width=&#8221;0&#8243; width=&#8221;1\/2&#8243;][vc_row_inner row_inner_height_percent=&#8221;0&#8243; overlay_alpha=&#8221;50&#8243; gutter_size=&#8221;3&#8243; shift_y=&#8221;0&#8243; z_index=&#8221;0&#8243; el_class=&#8221;celda-bordes&#8221;][vc_column_inner column_width_percent=&#8221;100&#8243; gutter_size=&#8221;3&#8243; override_padding=&#8221;yes&#8221; column_padding=&#8221;2&#8243; overlay_alpha=&#8221;50&#8243; shift_x=&#8221;0&#8243; shift_y=&#8221;0&#8243; shift_y_down=&#8221;0&#8243; z_index=&#8221;0&#8243; medium_width=&#8221;0&#8243; mobile_width=&#8221;0&#8243; width=&#8221;1\/1&#8243;][vc_custom_heading text_size=&#8221;&#8221; el_class=&#8221;text-center&#8221;]PESCE[\/vc_custom_heading][vc_column_text el_class=&#8221;parrafo-interior&#8221;]<span class=\"text-gris-claro-color\" style=\"font-weight: 600\"><a href=\"https:\/\/www.garciden.com\/negocio\/venta-pescado\/\">AD Pescado y Marisco<\/a><\/span> offre pi\u00f9 di 150 specie tra prodotti freschi, congelati ed elaborati, tutti accuratamente selezionati quotidianamente e rigorosamente conformi ai processi di qualit\u00e0 consolidati. <span class=\"text-gris-claro-color\" style=\"font-weight: 600\">L&#8217;obiettivo \u00e8 quello di soddisfare le esigenze di tutti i mercati.<\/span>[\/vc_column_text][\/vc_column_inner][\/vc_row_inner][vc_gallery el_id=&#8221;gallery-466926&#8243; medias=&#8221;205&#8243; gutter_size=&#8221;0&#8243; media_items=&#8221;media|custom_link|original&#8221; screen_lg=&#8221;1000&#8243; screen_md=&#8221;600&#8243; screen_sm=&#8221;480&#8243; single_width=&#8221;12&#8243; single_overlay_opacity=&#8221;90&#8243; single_h_align=&#8221;center&#8221; single_padding=&#8221;2&#8243; single_border=&#8221;yes&#8221; el_class=&#8221;imagen-alimentacion&#8221; items=&#8221;eyIyMDVfaSI6eyJzaW5nbGVfbGluayI6InVybDpodHRwJTNBJTJGJTJGZ2FyY2lkZW4udGFsbGVyZW1hcmtldGluZy5jb20lMkZjb250YWN0byUyRnx8fCJ9fQ==&#8221; single_link=&#8221;url:http%3A%2F%2Fwww.garciden.com%2Fcontacto%2F|||&#8221;][\/vc_column][vc_column column_width_percent=&#8221;100&#8243; gutter_size=&#8221;0&#8243; overlay_alpha=&#8221;50&#8243; shift_x=&#8221;0&#8243; shift_y=&#8221;0&#8243; shift_y_down=&#8221;0&#8243; z_index=&#8221;0&#8243; medium_width=&#8221;0&#8243; mobile_width=&#8221;0&#8243; width=&#8221;1\/2&#8243;][vc_row_inner row_inner_height_percent=&#8221;0&#8243; overlay_alpha=&#8221;50&#8243; gutter_size=&#8221;4&#8243; shift_y=&#8221;0&#8243; z_index=&#8221;0&#8243; el_class=&#8221;celda-bordes&#8221;][vc_column_inner column_width_percent=&#8221;100&#8243; gutter_size=&#8221;3&#8243; override_padding=&#8221;yes&#8221; column_padding=&#8221;2&#8243; overlay_alpha=&#8221;50&#8243; shift_x=&#8221;0&#8243; shift_y=&#8221;0&#8243; shift_y_down=&#8221;0&#8243; z_index=&#8221;0&#8243; medium_width=&#8221;0&#8243; mobile_width=&#8221;0&#8243; width=&#8221;1\/1&#8243;][vc_custom_heading text_size=&#8221;h5&#8243; el_class=&#8221;text-center&#8221;]LOGISTICA[\/vc_custom_heading][vc_column_text el_class=&#8221;parrafo-interior&#8221;]<span class=\"text-gris-claro-color\" style=\"font-weight: 600\"><a href=\"https:\/\/www.garciden.com\/negocio\/transporte\/\">ADLOGISTICS<\/a><\/span> dispone di un&#8217;infrastruttura logistica a livello europeo formata da diverse sedi e con una vasta <span class=\"text-gris-claro-color\" style=\"font-weight: 600\">flotta di veicoli refrigerati, equipaggiati con le pi\u00f9 moderne tecnologie per garantire il controllo sanitario e la catena del freddo.<\/span>[\/vc_column_text][\/vc_column_inner][\/vc_row_inner][vc_gallery el_id=&#8221;gallery-466926&#8243; medias=&#8221;206&#8243; gutter_size=&#8221;0&#8243; media_items=&#8221;media|custom_link|original&#8221; screen_lg=&#8221;1000&#8243; screen_md=&#8221;600&#8243; screen_sm=&#8221;480&#8243; single_width=&#8221;12&#8243; single_overlay_opacity=&#8221;90&#8243; single_h_align=&#8221;center&#8221; single_padding=&#8221;2&#8243; single_border=&#8221;yes&#8221; el_class=&#8221;imagen-logistica&#8221; items=&#8221;eyIyMDZfaSI6eyJzaW5nbGVfbGluayI6InVybDpodHRwJTNBJTJGJTJGZ2FyY2lkZW4udGFsbGVyZW1hcmtldGluZy5jb20lMkZjb250YWN0byUyRnx8fCJ9fQ==&#8221; single_link=&#8221;url:http%3A%2F%2Fwww.garciden.com%2Fcontacto%2F|||&#8221;][\/vc_column][\/vc_row]<\/p>\n<\/div>","protected":false},"excerpt":{"rendered":"<p>[vc_row row_height_percent=&#8221;0&#8243; override_padding=&#8221;yes&#8221; h_padding=&#8221;2&#8243; top_padding=&#8221;0&#8243; bottom_padding=&#8221;0&#8243; overlay_alpha=&#8221;50&#8243; gutter_size=&#8221;3&#8243; column_width_percent=&#8221;100&#8243; shift_y=&#8221;0&#8243; z_index=&#8221;0&#8243;][vc_column column_width_percent=&#8221;100&#8243; gutter_size=&#8221;2&#8243; overlay_alpha=&#8221;50&#8243; shift_x=&#8221;0&#8243; shift_y=&#8221;0&#8243; shift_y_down=&#8221;0&#8243; z_index=&#8221;0&#8243; medium_width=&#8221;0&#8243; mobile_width=&#8221;0&#8243; [&hellip;]<\/p>\n","protected":false},"author":1,"featured_media":356,"parent":2314,"menu_order":0,"comment_status":"closed","ping_status":"closed","template":"","meta":{"footnotes":""},"class_list":["post-2319","page","type-page","status-publish","has-post-thumbnail","hentry"],"acf":[],"_links":{"self":[{"href":"https:\/\/garciden.com\/it\/wp-json\/wp\/v2\/pages\/2319"}],"collection":[{"href":"https:\/\/garciden.com\/it\/wp-json\/wp\/v2\/pages"}],"about":[{"href":"https:\/\/garciden.com\/it\/wp-json\/wp\/v2\/types\/page"}],"author":[{"embeddable":true,"href":"https:\/\/garciden.com\/it\/wp-json\/wp\/v2\/users\/1"}],"replies":[{"embeddable":true,"href":"https:\/\/garciden.com\/it\/wp-json\/wp\/v2\/comments?post=2319"}],"version-history":[{"count":1,"href":"https:\/\/garciden.com\/it\/wp-json\/wp\/v2\/pages\/2319\/revisions"}],"predecessor-version":[{"id":7323,"href":"https:\/\/garciden.com\/it\/wp-json\/wp\/v2\/pages\/2319\/revisions\/7323"}],"up":[{"embeddable":true,"href":"https:\/\/garciden.com\/it\/wp-json\/wp\/v2\/pages\/2314"}],"wp:featuredmedia":[{"embeddable":true,"href":"https:\/\/garciden.com\/it\/wp-json\/wp\/v2\/media\/356"}],"wp:attachment":[{"href":"https:\/\/garciden.com\/it\/wp-json\/wp\/v2\/media?parent=2319"}],"curies":[{"name":"wp","href":"https:\/\/api.w.org\/{rel}","templated":true}]}}