 {"id":2458,"date":"2019-03-11T17:38:32","date_gmt":"2019-03-11T16:38:32","guid":{"rendered":"https:\/\/www.garciden.com\/?page_id=2458"},"modified":"2019-03-25T16:10:09","modified_gmt":"2019-03-25T15:10:09","slug":"azienda","status":"publish","type":"page","link":"https:\/\/garciden.com\/it\/azienda\/","title":{"rendered":"Azienda"},"content":{"rendered":"<div class=\"wpb-content-wrapper\"><p>[vc_row row_height_percent=&#8221;0&#8243; override_padding=&#8221;yes&#8221; h_padding=&#8221;2&#8243; top_padding=&#8221;0&#8243; bottom_padding=&#8221;0&#8243; overlay_alpha=&#8221;50&#8243; gutter_size=&#8221;3&#8243; column_width_percent=&#8221;100&#8243; shift_y=&#8221;0&#8243; z_index=&#8221;0&#8243;][vc_column column_width_percent=&#8221;100&#8243; overlay_alpha=&#8221;50&#8243; gutter_size=&#8221;2&#8243; medium_width=&#8221;0&#8243; mobile_width=&#8221;0&#8243; shift_x=&#8221;0&#8243; shift_y=&#8221;0&#8243; shift_y_down=&#8221;0&#8243; z_index=&#8221;0&#8243; width=&#8221;1\/1&#8243;][vc_column_text]GARCIDEN es una empresa espa\u00f1ola con m\u00e1s de 18 a\u00f1os en el mercado, que aglutina diferentes l\u00edneas de negocio y marcas comerciales.<\/p>\n<p>Actualmente Garciden como marca comercial, diversifica su presencia comercial en el sector de la <span class=\"text-gris-claro-color\" style=\"font-weight: 600;\">alimentaci\u00f3n y de la log\u00edstica con las marcas AD Pescado y Marisco para la venta y comercializaci\u00f3n de pescado y la marca AD LOG\u00cdSTICA, que presta servicios de transporte y distribuci\u00f3n de mercanc\u00edas a nivel europeo<\/span>.<br \/>\nGarciden con un crecimiento medio en volumen de negocio, toneladas comercializadas, kil\u00f3metros recorridos, n\u00famero de clientes y plantilla, de un 20% interanual, se consolida firmemente como una de las empresas con mayor proyecci\u00f3n del sector. [\/vc_column_text][\/vc_column][\/vc_row][vc_row row_height_percent=&#8221;0&#8243; overlay_alpha=&#8221;50&#8243; gutter_size=&#8221;3&#8243; column_width_percent=&#8221;100&#8243; shift_y=&#8221;0&#8243; z_index=&#8221;0&#8243; el_class=&#8221;columnas-nosotros&#8221;][vc_column column_width_percent=&#8221;100&#8243; overlay_alpha=&#8221;50&#8243; gutter_size=&#8221;0&#8243; medium_width=&#8221;0&#8243; mobile_width=&#8221;0&#8243; shift_x=&#8221;0&#8243; shift_y=&#8221;0&#8243; shift_y_down=&#8221;0&#8243; z_index=&#8221;0&#8243; width=&#8221;1\/2&#8243;][vc_single_image media=&#8221;587&#8243; media_width_percent=&#8221;100&#8243;][vc_row_inner row_inner_height_percent=&#8221;0&#8243; overlay_alpha=&#8221;50&#8243; gutter_size=&#8221;3&#8243; shift_y=&#8221;0&#8243; z_index=&#8221;0&#8243; el_class=&#8221;celda-bordes-negocio&#8221;][vc_column_inner column_width_percent=&#8221;100&#8243; override_padding=&#8221;yes&#8221; column_padding=&#8221;2&#8243; gutter_size=&#8221;3&#8243; overlay_alpha=&#8221;50&#8243; medium_width=&#8221;0&#8243; mobile_width=&#8221;0&#8243; shift_x=&#8221;0&#8243; shift_y=&#8221;0&#8243; shift_y_down=&#8221;0&#8243; z_index=&#8221;0&#8243; width=&#8221;1\/1&#8243;][vc_custom_heading text_size=&#8221;&#8221; el_class=&#8221;text-center&#8221;]ALIMENTACI\u00d3N[\/vc_custom_heading][vc_column_text el_class=&#8221;parrafo-interior&#8221;]<span class=\"color-cherry font-600\">PRODUCTOS<\/span><\/p>\n<p>AD Pescado y Marisco oferta m\u00e1s de 150 especies entre productos frescos, congelados y elaborados, todos ellos seleccionados minuciosamente a diario, con el objetivo de cubrir las necesidades de todos los mercados y clientes .[\/vc_column_text][vc_single_image media=&#8221;1391&#8243; media_width_percent=&#8221;93&#8243; alignment=&#8221;center&#8221;][vc_single_image media=&#8221;1393&#8243; media_width_percent=&#8221;93&#8243; alignment=&#8221;center&#8221; el_class=&#8221;imagen-transporte&#8221;][vc_single_image media=&#8221;1394&#8243; media_width_percent=&#8221;93&#8243; alignment=&#8221;center&#8221; el_class=&#8221;imagen-transporte&#8221;][vc_column_text el_class=&#8221;parrafo-interior&#8221;]<span class=\"color-cherry font-600\">NUESTROS COMPROMISOS<\/span><\/p>\n<p><span class=\"text-gris-claro-color\">El respeto por el medio ambiente, la pesca sostenible y la vida saludable son algunas de las prioridades sobre las que se trabajamos a diario sobre la amplia gama de productos de Garciden<\/span>.[\/vc_column_text][vc_gallery el_id=&#8221;gallery-892928&#8243; medias=&#8221;1388,1389&#8243; gutter_size=&#8221;1&#8243; media_items=&#8221;media|lightbox|original&#8221; screen_lg=&#8221;480&#8243; screen_md=&#8221;0&#8243; screen_sm=&#8221;0&#8243; single_width=&#8221;6&#8243; single_overlay_opacity=&#8221;50&#8243; single_padding=&#8221;2&#8243;][\/vc_column_inner][\/vc_row_inner][\/vc_column][vc_column column_width_percent=&#8221;100&#8243; overlay_alpha=&#8221;50&#8243; gutter_size=&#8221;0&#8243; medium_width=&#8221;0&#8243; mobile_width=&#8221;0&#8243; shift_x=&#8221;0&#8243; shift_y=&#8221;0&#8243; shift_y_down=&#8221;0&#8243; z_index=&#8221;0&#8243; width=&#8221;1\/2&#8243; el_class=&#8221;columna-transporte-negocio&#8221;][vc_single_image media=&#8221;588&#8243; media_width_percent=&#8221;100&#8243;][vc_row_inner row_inner_height_percent=&#8221;0&#8243; overlay_alpha=&#8221;50&#8243; gutter_size=&#8221;4&#8243; shift_y=&#8221;0&#8243; z_index=&#8221;0&#8243; el_class=&#8221;celda-bordes-negocio&#8221;][vc_column_inner column_width_percent=&#8221;100&#8243; override_padding=&#8221;yes&#8221; column_padding=&#8221;2&#8243; gutter_size=&#8221;3&#8243; overlay_alpha=&#8221;50&#8243; medium_width=&#8221;0&#8243; mobile_width=&#8221;0&#8243; shift_x=&#8221;0&#8243; shift_y=&#8221;0&#8243; shift_y_down=&#8221;0&#8243; z_index=&#8221;0&#8243; width=&#8221;1\/1&#8243;][vc_custom_heading text_size=&#8221;h5&#8243; el_class=&#8221;text-center&#8221;]LOG\u00cdSTICA[\/vc_custom_heading][vc_column_text el_class=&#8221;parrafo-interior&#8221;]<span class=\"color-cherry font-600\">LINEA DE TRANSPORTE<\/span><\/p>\n<p><span class=\"text-gris-clave-color\">AD LOG\u00cdSTICA se encarga de la distribuci\u00f3n por Europa de, tanto los productos propios como de empresas terceras. Nace con el af\u00e1n de garantizar los tiempos y calidad del producto que se entrega.<br \/>\n<\/span>[\/vc_column_text][vc_single_image media=&#8221;2697&#8243; media_width_percent=&#8221;100&#8243; el_class=&#8221;uncode-single-media-primero&#8221;][vc_single_image media=&#8221;2701&#8243; media_width_percent=&#8221;100&#8243; el_class=&#8221;imagen-transporte&#8221;][vc_single_image media=&#8221;2704&#8243; media_width_percent=&#8221;100&#8243; el_class=&#8221;imagen-transporte&#8221;][vc_column_text el_class=&#8221;parrafo-interior&#8221;]<span class=\"color-cherry font-600\">NUESTRA FLOTA<\/span><\/p>\n<p><span class=\"text-gris-claro-color\">Nuestra moderna flota se encuentra en continua renovaci\u00f3n y ampliaci\u00f3n a\u00f1o tras a\u00f1o, garantizando as\u00ed las condiciones \u00f3ptimas de los veh\u00edculos y aparatos de fr\u00edo para el transporte de cualquier tipo de mercanc\u00eda.<\/span>[\/vc_column_text][vc_gallery el_id=&#8221;gallery-892928&#8243; medias=&#8221;1443&#8243; gutter_size=&#8221;2&#8243; media_items=&#8221;media|lightbox|original&#8221; screen_lg=&#8221;480&#8243; screen_md=&#8221;0&#8243; screen_sm=&#8221;0&#8243; single_width=&#8221;12&#8243; single_overlay_opacity=&#8221;50&#8243; single_padding=&#8221;2&#8243;][\/vc_column_inner][\/vc_row_inner][\/vc_column][\/vc_row][vc_row row_height_percent=&#8221;0&#8243; override_padding=&#8221;yes&#8221; h_padding=&#8221;2&#8243; top_padding=&#8221;0&#8243; bottom_padding=&#8221;2&#8243; overlay_alpha=&#8221;50&#8243; gutter_size=&#8221;3&#8243; column_width_percent=&#8221;100&#8243; shift_y=&#8221;0&#8243; z_index=&#8221;0&#8243;][vc_column width=&#8221;1\/1&#8243;][vc_column_text]<span class=\"text-gris-claro-color\" style=\"font-weight: 600;\">La calidad del producto, la exactitud en el servicio as\u00ed como la responsabilidad social y el medio ambiente<\/span>, son los principales pilares en los que se sustenta la compa\u00f1\u00eda que, gracias a la implicaci\u00f3n y compromiso de m\u00e1s de 300 profesionales, hacen que GARCIDEN sea un actor principal en los mercados nacionales e internacionales d\u00f3nde trabaja.[\/vc_column_text][\/vc_column][\/vc_row]<\/p>\n<\/div>","protected":false},"excerpt":{"rendered":"<p>[vc_row row_height_percent=&#8221;0&#8243; override_padding=&#8221;yes&#8221; h_padding=&#8221;2&#8243; top_padding=&#8221;0&#8243; bottom_padding=&#8221;0&#8243; overlay_alpha=&#8221;50&#8243; gutter_size=&#8221;3&#8243; column_width_percent=&#8221;100&#8243; shift_y=&#8221;0&#8243; z_index=&#8221;0&#8243;][vc_column column_width_percent=&#8221;100&#8243; overlay_alpha=&#8221;50&#8243; gutter_size=&#8221;2&#8243; medium_width=&#8221;0&#8243; mobile_width=&#8221;0&#8243; shift_x=&#8221;0&#8243; shift_y=&#8221;0&#8243; shift_y_down=&#8221;0&#8243; z_index=&#8221;0&#8243; [&hellip;]<\/p>\n","protected":false},"author":1,"featured_media":0,"parent":0,"menu_order":0,"comment_status":"closed","ping_status":"closed","template":"","meta":{"footnotes":""},"class_list":["post-2458","page","type-page","status-publish","hentry"],"acf":[],"_links":{"self":[{"href":"https:\/\/garciden.com\/it\/wp-json\/wp\/v2\/pages\/2458"}],"collection":[{"href":"https:\/\/garciden.com\/it\/wp-json\/wp\/v2\/pages"}],"about":[{"href":"https:\/\/garciden.com\/it\/wp-json\/wp\/v2\/types\/page"}],"author":[{"embeddable":true,"href":"https:\/\/garciden.com\/it\/wp-json\/wp\/v2\/users\/1"}],"replies":[{"embeddable":true,"href":"https:\/\/garciden.com\/it\/wp-json\/wp\/v2\/comments?post=2458"}],"version-history":[{"count":0,"href":"https:\/\/garciden.com\/it\/wp-json\/wp\/v2\/pages\/2458\/revisions"}],"wp:attachment":[{"href":"https:\/\/garciden.com\/it\/wp-json\/wp\/v2\/media?parent=2458"}],"curies":[{"name":"wp","href":"https:\/\/api.w.org\/{rel}","templated":true}]}}