 {"id":2462,"date":"2019-03-11T17:40:24","date_gmt":"2019-03-11T16:40:24","guid":{"rendered":"https:\/\/www.garciden.com\/?page_id=2462"},"modified":"2020-01-09T10:38:02","modified_gmt":"2020-01-09T09:38:02","slug":"vendita-prodotti-ittici","status":"publish","type":"page","link":"https:\/\/garciden.com\/it\/azienda\/vendita-prodotti-ittici\/","title":{"rendered":"Vendita prodotti ittici"},"content":{"rendered":"<div class=\"wpb-content-wrapper\"><p>[vc_row][vc_column width=&#8221;2\/3&#8243;][vc_column_text]Il mare \u00e8 una delle pi\u00f9 importanti risorse naturali che esiste e, grazie ad esso, in GARCIDEN abbiamo la capacit\u00e0 di fornire ai mercati una grande variet\u00e0 di specie. <span class=\"text-gris-claro-color\" style=\"font-weight: 600;\"> Il rispetto per l&#8217;ambiente, la pesca sostenibile e la vita sana sono alcune delle priorit\u00e0 per le quali lavoriamo ogni giorno in GARCIDEN poich\u00e9, la corretta conservazione e l&#8217;impatto che si sviluppa sull&#8217;ambiente, segneranno il futuro del settore stesso, e di conseguenza, della societ\u00e0.<\/span><\/p>\n<p><span class=\"text-gris-claro-color\" style=\"font-weight: 600;\">ADPescado y marisco \u00e8 la divisione di GARCIDEN responsabile per la selezione, l&#8217;elaborazione e la commercializzazione di questi prodotti. La politica di pesca sostenibile attuata in questo settore, assicura che le specie catturate provengano da fornitori che promuovano la sostenibilit\u00e0 delle specie, la loro rigenerazione e la conservazione del loro habitat naturale. L&#8217;impegno per l&#8217;ambiente ci permette di offrire prodotti di altissima qualit\u00e0 e freschezza. <\/span><\/p>\n<p style=\"text-align: center;\"><em>\u201cIl diritto alla pesca implica l&#8217;obbligo di farlo responsabilmente&#8221;<\/em><\/p>\n<p>GARCIDEN vende una vasta gamma <span class=\"text-gris-claro-color\" style=\"font-weight: 600;\">di prodotti freschi, congelati ed elaborati.<br \/>\n<\/span><\/p>\n<p><span class=\"text-gris-claro-color\" style=\"font-weight: 600;\">Ogni giorno viene selezionato il prodotto fresco, sia a livello nazionale che nei diversi mercati europei dove siamo presenti, in modo meticoloso e seguendo una politica di pesca sostenibile.<\/span><\/p>\n<p>Inoltre, GARCIDEN ha una vasta selezione di pesce congelato, sia alla fonte che presso le strutture stesse. Le strutture sono dotate di tunnel di congelamento ad aria forzata a-40 \u00ba C, e stagno di congelamento IQF (congelamento in salamoia). Entrambi i metodi sono utilizzati principalmente per preservare la qualit\u00e0 e le propriet\u00e0 nutrizionali dei prodotti.[\/vc_column_text][\/vc_column][vc_column column_width_percent=&#8221;100&#8243; overlay_alpha=&#8221;50&#8243; gutter_size=&#8221;2&#8243; medium_width=&#8221;0&#8243; mobile_width=&#8221;0&#8243; shift_x=&#8221;0&#8243; shift_y=&#8221;0&#8243; shift_y_down=&#8221;0&#8243; z_index=&#8221;0&#8243; width=&#8221;1\/3&#8243;][vc_single_image media=&#8221;850&#8243; media_width_percent=&#8221;100&#8243;][vc_single_image media=&#8221;853&#8243; media_width_percent=&#8221;100&#8243;][\/vc_column][\/vc_row][vc_row row_height_percent=&#8221;0&#8243; override_padding=&#8221;yes&#8221; h_padding=&#8221;2&#8243; top_padding=&#8221;0&#8243; bottom_padding=&#8221;2&#8243; overlay_alpha=&#8221;50&#8243; gutter_size=&#8221;3&#8243; column_width_percent=&#8221;100&#8243; shift_y=&#8221;0&#8243; z_index=&#8221;0&#8243;][vc_column width=&#8221;2\/3&#8243;][vc_column_text]<span class=\"h6 color-cherry font-600\">Pesce blu e bianco sia fresco che congelato.<\/span><\/p>\n<p>Il nostro assortimento di pesce fresco non \u00e8 un catalogo chiuso e non potrebbe essere altrimenti dato che dipendiamo da ci\u00f2 che il mare offre ogni giorno. Cerchiamo sempre di ottenere il meglio di ogni mercato e di offrirlo immediatamente ai nostri clienti in modo che raggiungano la freschezza che bramano.<\/p>\n<p>Offriamo anche una vasta selezione di prodotti congelati, sia in origine che nelle nostre strutture. Abbiamo un tunnel di congelamento da aria forzata a-40 \u00ba e congelamento zattera IQF-congelamento in salamoia-. Sempre con l&#8217;obiettivo di preservare la qualit\u00e0 e le propriet\u00e0 nutrizionali del pesce che i nostri clienti si aspettano e gli standard qualitativi in vigore nel settore. [\/vc_column_text][vc_column_text]<span class=\"h6 color-cherry font-600\">Molluschi<\/span><\/p>\n<p>Ci affidiamo soprattutto ai coltivatori di molluschi tradizionali, alcuni dei quali sono in questo settore da pi\u00f9 di 50 anni, senza dubbio grandi intenditori di queste specie che ci offrono il meglio della costa in modo che GARCIDEN possa distribuirli.<\/p>\n<p><span class=\"text-gris-claro-color\" style=\"font-weight: 600;\">Le cozze galiziane con denominazione di origine, bivalvi, cefalopodi e crostacei costituiscono<\/span> l&#8217;ampia gamma di prodotti che commercializziamo.[\/vc_column_text][vc_column_text]<span class=\"h6 color-cherry font-600\">Acquacultura<\/span><\/p>\n<p>Tutti i nostri prodotti di questa linea sono accuratamente selezionati per venire da aziende con politiche di <span class=\"text-gris-claro-color\" style=\"font-weight: 600;\">acquacoltura sostenibile<\/span>, rispettose sia con le specie che allevano che con l&#8217;ambiente in cui operano, cercando sempre di favorire la crescita del pesce nel modo pi\u00f9 naturale possibile.<\/p>\n<p>\u00c8 un&#8217;alternativa con tutte le garanzie di qualit\u00e0 sempre pi\u00f9 presente nelle nostre diete, necessarie per mantenere l&#8217;equilibrio degli ecosistemi marini e preservare il futuro di certe specie che sono state e sono minacciate dalla pesca eccessiva.<\/p>\n<p><span class=\"text-gris-claro-color\" style=\"font-weight: 600;\">Salmone norvegese, orate, sole, spigola, rombo e trota<\/span> sono alcuni dei prodotti venduti in questa linea commerciale.[\/vc_column_text][vc_column_text]<span class=\"h6 color-cherry font-600\">Congelamento in salamoia<\/span><\/p>\n<p>In GARCIDEN abbiamo la nostra linea di congelamento in salamoia. Si tratta di un processo di conservazione tradizionale che, insieme alle ultime tecniche e tecnologie, si traduce nel metodo scelto dai grandi conservifici per l&#8217;acquisizione dei loro prodotti, poich\u00e9 questa tecnica mantiene le propriet\u00e0 nutrizionali del Prodotto.<\/p>\n<p><span class=\"text-gris-claro-color\" style=\"font-weight: 600;\">Con la capacit\u00e0 di generare 4TN\/ora di prodotto congelato, a Garciden riforniamo continuamente e senza sosta grandi aziende del settore sia a livello nazionale che internazionale.<\/span><\/p>\n<p>Abbiamo anche la possibilit\u00e0 di adattarci a qualsiasi formato commerciale suggerito dai nostri clienti, sia che si tratti di cartone individuale da 20 kg, grandi sacchi o qualsiasi altro tipo di imballaggio. [\/vc_column_text][\/vc_column][vc_column width=&#8221;1\/3&#8243;][vc_column_text el_class=&#8221;listado-mapa-internacional pescado&#8221;]PUNTI DI ACQUISTO<\/p>\n<ul class=\"lista-social\">\n<li>Vera<\/li>\n<li>Almeria<\/li>\n<li>Alcantarilla<\/li>\n<li>Malaga<\/li>\n<li>Cadice<\/li>\n<li>Huelva<\/li>\n<li>Galizia<\/li>\n<li>Paese Basco<\/li>\n<li>Resto di Spagna<\/li>\n<\/ul>\n<p>PUNTI VENDITA<\/p>\n<ul class=\"lista-social\">\n<li>Alicante<\/li>\n<li>Alcantarilla<\/li>\n<li>Cartagena<\/li>\n<li>Vera<\/li>\n<li>AlmerIa<\/li>\n<li>Adra<\/li>\n<li>Granada<\/li>\n<li>Motril<\/li>\n<li>Malaga<\/li>\n<li>Siviglia<\/li>\n<li>Barcellona<\/li>\n<li>Madrid<\/li>\n<li>Resto di Spagna<\/li>\n<\/ul>\n<p>ESPORTAZIONE \/ IMPORTAZIONE<\/p>\n<ul class=\"lista-social\">\n<li>Italia<\/li>\n<li>Portogallo<\/li>\n<li>Francia<\/li>\n<li>Grecia<\/li>\n<li>Germania<\/li>\n<li>Regno Unito<\/li>\n<li>Malta<\/li>\n<li>Capo Verde<\/li>\n<li>Senegal<\/li>\n<li>Brazile<\/li>\n<li>Corea del Sud<\/li>\n<li>Giappone<\/li>\n<li>Per\u00f9<\/li>\n<li>Norvegia<\/li>\n<li>Paesi Bassi<\/li>\n<\/ul>\n<p>[\/vc_column_text][\/vc_column][\/vc_row][vc_row][vc_column width=&#8221;1\/1&#8243;][vc_column_text]<span class=\"h6 color-cherry font-600\">Mapa Zonas FAO<\/span>[\/vc_column_text][\/vc_column][\/vc_row][vc_row][vc_column width=&#8221;1\/1&#8243;][vc_single_image media=&#8221;535&#8243; media_width_percent=&#8221;100&#8243;][\/vc_column][\/vc_row][vc_row][vc_column width=&#8221;1\/3&#8243;][vc_column_text el_class=&#8221;listado-mapa-internacional&#8221;]AREE FAO<\/p>\n<ul>\n<li><span class=\"numero\">27.<\/span> Oceano Atlantico Nord-Est.<\/li>\n<li><span class=\"numero\">18.<\/span> Mare Artico.<\/li>\n<li><span class=\"numero\">51.<\/span> Oceano Indiano Ovest.<\/li>\n<li><span class=\"numero\">57.<\/span> Oceano Indiano Est.<\/li>\n<li><span class=\"numero\">61.<\/span> Oceano Pacifico Nord-Ovest.<\/li>\n<li><span class=\"numero\">67.<\/span> Oceano Pacifico Nord-Est.<\/li>\n<li><span class=\"numero\">21.<\/span> Oceano Atlantico Nord-Ovest.<\/li>\n<\/ul>\n<p>[\/vc_column_text][\/vc_column][vc_column width=&#8221;1\/3&#8243;][vc_column_text text_lead=&#8221;yes&#8221; el_class=&#8221;listado-mapa-internacional&#8221;]AREE FAO<\/p>\n<ul>\n<li><span class=\"numero\">71.<\/span> Oceano Pacifico Centro-Ovest.<\/li>\n<li><span class=\"numero\">77.<\/span> Oceano Pacifico Centro-Est.<\/li>\n<li><span class=\"numero\">31.<\/span> Oceano Atlantico Centro-Ovest.<\/li>\n<li><span class=\"numero\">34.<\/span> Oceano Atlantico Centro-Est.<\/li>\n<li><span class=\"numero\">37.<\/span> Mar Mediterraneo.<\/li>\n<li><span class=\"numero\">37.<\/span> Mar Nero.<\/li>\n<li><span class=\"numero\">58.<\/span> Oceano Indiano Antartico e Sud.<\/li>\n<\/ul>\n<p>[\/vc_column_text][\/vc_column][vc_column width=&#8221;1\/3&#8243;][vc_column_text el_class=&#8221;listado-mapa-internacional&#8221;]AREE FAO<\/p>\n<ul>\n<li><span class=\"numero\">81.<\/span> Oceano Pacifico Sud-Ovest.<\/li>\n<li><span class=\"numero\">87.<\/span> Oceano Pacifico Sud-Est.<\/li>\n<li><span class=\"numero\">41.<\/span> Oceano Atlantico Sud-Ovest.<\/li>\n<li><span class=\"numero\">47.<\/span> Oceano Atlantico Sud-Est.<\/li>\n<li><span class=\"numero\">88.<\/span> Oceano Pacifico Antartico.<\/li>\n<li><span class=\"numero\">48.<\/span> Oceano Atlantico Artico.<\/li>\n<li><span class=\"numero\">58.<\/span> Oceano Indiano Antartico e Sud.<\/li>\n<\/ul>\n<p>[\/vc_column_text][\/vc_column][\/vc_row][vc_row][vc_column width=&#8221;1\/1&#8243;][vc_column_text]<span class=\"h6 color-cherry font-600\">Il diritto alla pesca implica l&#8217;obbligo di farlo in modo responsabile.<\/span><\/p>\n<p><span class=\"text-gris-claro-color\" style=\"font-weight: 600;\">La pesca sostenibile si concentra sulla preservazione di diversi ecosistemi e cerca di minimizzare l&#8217;impatto delle catture sull&#8217;ambiente marino.<\/span><\/p>\n<p>Sempre pi\u00f9 spesso questo settore \u00e8 consapevole della necessit\u00e0 di abbandonare metodi aggressivi di cattura per cedere il posto a nuove formule che ci permettano di preservare le specie e il suo ambiente, pur potendo continuare a godere di queste prelibatezze nella nostra cucina.<\/p>\n<p>In <span class=\"text-gris-claro-color\" style=\"font-weight: 600;\">GARCIDEN GARCIDEN abbiamo a cuore il tema dell&#8217;ambiente ed \u00e8 per questo che ci impegniamo a supportare metodi di pesca che rispettino<\/span> sia le specie che commercializziamo sia il loro habitat naturale, condannando fortemente metodi come l&#8217;avvelenamento o l&#8217;esplosivo.<\/p>\n<p>Questo impegno non sarebbe possibile senza la collaborazione delle associazioni locali, professionisti del settore che ogni giorno escono in mare a pescare muniti della vasta conoscenza che l&#8217;esperienza di anni di lavoro gli conferisce. [\/vc_column_text][\/vc_column][\/vc_row]<\/p>\n<\/div>","protected":false},"excerpt":{"rendered":"<p>[vc_row][vc_column width=&#8221;2\/3&#8243;][vc_column_text]Il mare \u00e8 una delle pi\u00f9 importanti risorse naturali che esiste e, grazie ad esso, in GARCIDEN abbiamo la [&hellip;]<\/p>\n","protected":false},"author":1,"featured_media":1127,"parent":2458,"menu_order":0,"comment_status":"closed","ping_status":"closed","template":"","meta":{"footnotes":""},"class_list":["post-2462","page","type-page","status-publish","has-post-thumbnail","hentry"],"acf":[],"_links":{"self":[{"href":"https:\/\/garciden.com\/it\/wp-json\/wp\/v2\/pages\/2462"}],"collection":[{"href":"https:\/\/garciden.com\/it\/wp-json\/wp\/v2\/pages"}],"about":[{"href":"https:\/\/garciden.com\/it\/wp-json\/wp\/v2\/types\/page"}],"author":[{"embeddable":true,"href":"https:\/\/garciden.com\/it\/wp-json\/wp\/v2\/users\/1"}],"replies":[{"embeddable":true,"href":"https:\/\/garciden.com\/it\/wp-json\/wp\/v2\/comments?post=2462"}],"version-history":[{"count":0,"href":"https:\/\/garciden.com\/it\/wp-json\/wp\/v2\/pages\/2462\/revisions"}],"up":[{"embeddable":true,"href":"https:\/\/garciden.com\/it\/wp-json\/wp\/v2\/pages\/2458"}],"wp:featuredmedia":[{"embeddable":true,"href":"https:\/\/garciden.com\/it\/wp-json\/wp\/v2\/media\/1127"}],"wp:attachment":[{"href":"https:\/\/garciden.com\/it\/wp-json\/wp\/v2\/media?parent=2462"}],"curies":[{"name":"wp","href":"https:\/\/api.w.org\/{rel}","templated":true}]}}