 {"id":2546,"date":"2019-03-11T17:41:46","date_gmt":"2019-03-11T16:41:46","guid":{"rendered":"https:\/\/www.garciden.com\/?page_id=2546"},"modified":"2020-02-06T13:43:31","modified_gmt":"2020-02-06T12:43:31","slug":"politica-de-cookies","status":"publish","type":"page","link":"https:\/\/garciden.com\/it\/politica-de-cookies\/","title":{"rendered":"Pol\u00edtica de cookies"},"content":{"rendered":"<div class=\"wpb-content-wrapper\"><p>[vc_row][vc_column width=&#8221;1\/1&#8243;][vc_column_text]<\/p>\n<p style=\"text-align: center;\"><strong>POL\u00cdTICA DE COOKIES<\/strong><\/p>\n<p><strong>DEFINICI\u00d3N DE COOKIES.<\/strong><br \/>\nUna cookie es un fichero que se descarga en su ordenador al acceder a determinadas p\u00e1ginas web. Las cookies permiten a una p\u00e1gina web, entre otras cosas, almacenar y recuperar informaci\u00f3n sobre los h\u00e1bitos de navegaci\u00f3n de un usuario o de su equipo y, dependiendo de la informaci\u00f3n que contengan y de la forma en que utilice su equipo, pueden utilizarse para reconocer al usuario.<\/p>\n<p><strong>TIPOS DE COOKIES.<\/strong><\/p>\n<p><strong>1.- Tipos de cookies, seg\u00fan la entidad que las gestione:<\/strong><br \/>\na) Cookies Propias: Son aquellas que se env\u00edan al equipo terminal del usuario desde un equipo o dominio gestionado por el propio editor y desde que se presta el servicio solicitado por el usuario.<br \/>\nb) Cookies de terceros: Son aquellas que se env\u00edan al equipo terminal del usuario desde un equipo o dominio que no es gestionado por el editor, sino por otra entidad que trata los datos obtenidos a trav\u00e9s de las cookies.<br \/>\n<strong>2.- Tipos de cookies, seg\u00fan su finalidad:<\/strong><br \/>\na) Cookies T\u00e9cnicas: Son aquellas que permiten al usuario la navegaci\u00f3n a trav\u00e9s de la p\u00e1gina web, plataforma o aplicaci\u00f3n y la utilizaci\u00f3n de las diferentes opciones o servicios que en ella existen.<\/p>\n<p>b) Cookies de An\u00e1lisis: Son aquellas que permiten al responsable de las mismas, el seguimiento y an\u00e1lisis del comportamiento de los usuarios de los sitios web a los que est\u00e1n vinculadas.<br \/>\n<strong>3.-Tipos de cookies, seg\u00fan el plazo de tiempo de tiempo que permanecen activadas:<\/strong><br \/>\na) Cookies de Sesi\u00f3n: Son las dise\u00f1adas para recabar y almacenar datos mientras el usuario accede a una p\u00e1gina web. Se suelen emplear para la prestaci\u00f3n del servicio solicitado por el usuario en una sola ocasi\u00f3n.<br \/>\nb) Cookies Persistentes: Son las dise\u00f1adas para que los datos sigan almacenados en el terminal y pueden ser accedidos y tratados durante un periodo definido por el responsable de la cookie, y que puede ir de unos minutos a varios a\u00f1os.<br \/>\nLa web de <strong>GARCIDEN, S.L<\/strong>. utiliza estas cookies propias y de terceros, todas en el dominio <a href=\"http:\/\/www.garciden.com\">www.garciden.com<\/a><\/p>\n<p>&nbsp;<\/p>\n<p><strong>COOKIES DE TERCEROS<\/strong><\/p>\n<table width=\"115%\">\n<thead>\n<tr>\n<td width=\"9%\"><strong>Tipo<\/strong><\/td>\n<td width=\"17%\"><strong>Informaci\u00f3n<\/strong><\/td>\n<td width=\"46%\"><strong>Finalidad<\/strong><\/td>\n<td width=\"15%\"><strong>Servicio de terceros<\/strong><\/td>\n<td width=\"10%\"><strong>Conservaci\u00f3n<\/strong><\/td>\n<\/tr>\n<\/thead>\n<tbody>\n<tr>\n<td width=\"9%\">Anal\u00edticas<\/td>\n<td width=\"17%\">Google Analytics<\/td>\n<td width=\"46%\">N\u00famero de visitas, p\u00e1ginas o secciones visitadas, tiempo de navegaci\u00f3n, sitios visitados antes de entrar en esta p\u00e1gina, detalles sobre los navegadores usados.<\/p>\n<p>Informes estad\u00edsticos sobre el tr\u00e1fico del sitio web, su audiencia total y la audiencia en una determinada campa\u00f1a publicitaria.<\/p>\n<p><strong>_ga<\/strong>: cookie de Google Analytics que habilita la funci\u00f3n de control de visitas \u00fanicas. La primera vez que un usuario entre en el sitio web a trav\u00e9s de un navegador se instalar\u00e1 esta cookie. Cuando este usuario vuelva a entrar en la web con el mismo navegador, la cookie considerar\u00e1 que es el mismo usuario. Solo en el caso de que el usuario cambie de navegador, se considerar\u00e1 otro usuario. Caduca a los 2 a\u00f1os desde la \u00faltima actualizaci\u00f3n.<\/p>\n<p><strong>_gat<\/strong>: Esta cookie se asocia con Google Analytics Universal. Se utiliza para limitar la velocidad de petici\u00f3n y la limitaci\u00f3n de la recogida de datos en los sitios de alto tr\u00e1fico. Caduca a los 10 minutos.<\/p>\n<p><strong>_gid<\/strong>: Se usa para distinguir a los usuarios.<\/td>\n<td width=\"15%\"><a href=\"http:\/\/www.google.com\/intl\/es\/policies\/technologies\/cookies\/\">Google Analytics<\/a><\/td>\n<td width=\"10%\">\n<ul style=\"list-style: none;\">\n<li style=\"font-size: 16px;\">_ga: 2 a\u00f1os<\/li>\n<li style=\"font-size: 16px;\">_gat: 10 minutos<\/li>\n<li style=\"font-size: 16px;\">_gid: 24 horas<\/li>\n<\/ul>\n<\/td>\n<\/tr>\n<\/tbody>\n<\/table>\n<p><strong>COOKIES ESTRICTAMENTE NECESARIAS<\/strong><\/p>\n<table width=\"115%\">\n<thead>\n<tr>\n<td width=\"9%\"><strong>Tipo<\/strong><\/td>\n<td width=\"12%\"><strong>Informaci\u00f3n<\/strong><\/td>\n<td width=\"66%\"><strong>Finalidad<\/strong><\/td>\n<td width=\"10%\"><strong>Conservaci\u00f3n<\/strong><\/td>\n<\/tr>\n<\/thead>\n<tbody>\n<tr>\n<td width=\"9%\">Sesi\u00f3n<\/td>\n<td width=\"12%\">Cookies<\/td>\n<td width=\"66%\"><strong>moove_gdpr_popup<\/strong>: Contiene el valor de si se ha aceptado la instalaci\u00f3n de cookies.<\/td>\n<td width=\"10%\">1 a\u00f1o<\/td>\n<\/tr>\n<tr>\n<td width=\"9%\">Sesi\u00f3n<\/td>\n<td width=\"12%\">Hoja de estilos<\/td>\n<td width=\"66%\"><strong>uncodeAI.css<\/strong>: Garantizar el correcto funcionamiento de la web.<\/td>\n<td width=\"10%\">Sesi\u00f3n<\/td>\n<\/tr>\n<tr>\n<td width=\"9%\">Sesi\u00f3n<\/td>\n<td width=\"12%\">Multimedia<\/td>\n<td width=\"66%\"><strong>uncodeAI.images<\/strong>: Garantizar el correcto funcionamiento de la web.<\/td>\n<td width=\"10%\">Sesi\u00f3n<\/td>\n<\/tr>\n<\/tbody>\n<\/table>\n<p><strong>COOKIES SOCIALES<\/strong><\/p>\n<table width=\"115%\">\n<thead>\n<tr>\n<td width=\"9%\"><strong>Tipo<\/strong><\/td>\n<td width=\"17%\"><strong>Informaci\u00f3n<\/strong><\/td>\n<td width=\"56%\"><strong>Finalidad<\/strong><\/td>\n<td width=\"15%\"><strong>Servicio de terceros<\/strong><\/td>\n<\/tr>\n<\/thead>\n<tbody>\n<tr>\n<td width=\"9%\">Sociales<\/td>\n<td width=\"17%\">Facebook Ads Pixel<\/td>\n<td width=\"46%\">Sirve para dirigir anuncios al usuario sobre los productos o servicios que el usuario ha visitado, comprado y\/o utilizado en una p\u00e1gina espec\u00edfica de la Web.<\/td>\n<td width=\"15%\"><a href=\"https:\/\/es-es.facebook.com\/policies\/cookies\/\">Facebook<\/a><\/td>\n<\/tr>\n<tr>\n<td width=\"9%\">Sociales<\/td>\n<td width=\"17%\">Facebook<\/td>\n<td width=\"46%\">Permite realizar y compartir comentarios de las noticias actuales<\/td>\n<td width=\"15%\"><a href=\"https:\/\/es-es.facebook.com\/policies\/cookies\/\">Facebook<\/a><\/td>\n<\/tr>\n<tr>\n<td width=\"9%\">Sociales<\/td>\n<td width=\"17%\">Twitter<\/td>\n<td width=\"46%\">Permite twittear la informaci\u00f3n de nuestros contenidos en la red twitter.<\/td>\n<td width=\"15%\"><a href=\"https:\/\/help.twitter.com\/es\/rules-and-policies\/twitter-cookies\">Twitter<\/a><\/td>\n<\/tr>\n<\/tbody>\n<\/table>\n<p><strong>BLOQUEO\/ELIMINACION DE LAS COOKIES<\/strong><\/p>\n<p>Puede usted permitir, bloquear o eliminar las cookies instaladas en su equipo mediante la configuraci\u00f3n de las opciones del navegador instalado en su ordenador.<\/p>\n<p><strong>Chrome<\/strong>, desde <a href=\"http:\/\/support.google.com\/chrome\/bin\/answer.py?hl=es&amp;answer=95647\">http:\/\/support.google.com\/chrome\/bin\/answer.py?hl=es&amp;answer=95647<\/a><\/p>\n<p><strong>Explorer<\/strong>, desde<br \/>\n<a href=\"http:\/\/windows.microsoft.com\/es-es\/windows7\/how-to-manage-cookies-in-internet-explorer-9\">http:\/\/windows.microsoft.com\/es-es\/windows7\/how-to-manage-cookies-in-internet-explorer-9<\/a><\/p>\n<p><strong>Firefox<\/strong>, desde<br \/>\n<a href=\"http:\/\/support.mozilla.org\/es\/kb\/habilitar-y-deshabilitar-cookies-que-los-sitios-we\">http:\/\/support.mozilla.org\/es\/kb\/habilitar-y-deshabilitar-cookies-que-los-sitios-we<\/a><\/p>\n<p><strong>Safari<\/strong>, desde<br \/>\n<a href=\"http:\/\/support.apple.com\/kb\/ph5042\">http:\/\/support.apple.com\/kb\/ph5042<\/a><\/p>\n<p><strong>ACCESO A DATOS<\/strong><\/p>\n<p>Las cookies de nuestro sitio web son \u00fanicamente utilizadas por<\/p>\n<p>-El Titular de la p\u00e1gina, GARCIDEN, S.L., con CIF: B04313136 y domicilio social en: Paraje Cerro Alto, Aptdo de Correos 383, 04620 &#8211; Vera (ALMERIA).<\/p>\n<p>-Google Analytics, Facebook Ads Pixel, Facebook, Twitter.[\/vc_column_text][\/vc_column][\/vc_row]<\/p>\n<\/div>","protected":false},"excerpt":{"rendered":"<p>[vc_row][vc_column width=&#8221;1\/1&#8243;][vc_column_text] POL\u00cdTICA DE COOKIES DEFINICI\u00d3N DE COOKIES. Una cookie es un fichero que se descarga en su ordenador al [&hellip;]<\/p>\n","protected":false},"author":1,"featured_media":0,"parent":0,"menu_order":0,"comment_status":"closed","ping_status":"closed","template":"","meta":{"footnotes":""},"class_list":["post-2546","page","type-page","status-publish","hentry"],"acf":[],"_links":{"self":[{"href":"https:\/\/garciden.com\/it\/wp-json\/wp\/v2\/pages\/2546"}],"collection":[{"href":"https:\/\/garciden.com\/it\/wp-json\/wp\/v2\/pages"}],"about":[{"href":"https:\/\/garciden.com\/it\/wp-json\/wp\/v2\/types\/page"}],"author":[{"embeddable":true,"href":"https:\/\/garciden.com\/it\/wp-json\/wp\/v2\/users\/1"}],"replies":[{"embeddable":true,"href":"https:\/\/garciden.com\/it\/wp-json\/wp\/v2\/comments?post=2546"}],"version-history":[{"count":3,"href":"https:\/\/garciden.com\/it\/wp-json\/wp\/v2\/pages\/2546\/revisions"}],"predecessor-version":[{"id":3510,"href":"https:\/\/garciden.com\/it\/wp-json\/wp\/v2\/pages\/2546\/revisions\/3510"}],"wp:attachment":[{"href":"https:\/\/garciden.com\/it\/wp-json\/wp\/v2\/media?parent=2546"}],"curies":[{"name":"wp","href":"https:\/\/api.w.org\/{rel}","templated":true}]}}